{"id":57246,"date":"2025-04-02T17:56:07","date_gmt":"2025-04-02T16:56:07","guid":{"rendered":"https:\/\/sunsweeteurdev.wpenginepowered.com\/informasjonskapsler\/"},"modified":"2025-06-20T18:03:13","modified_gmt":"2025-06-20T17:03:13","slug":"informasjonskapsler","status":"publish","type":"page","link":"https:\/\/sunsweet.eu\/no\/informasjonskapsler\/","title":{"rendered":"Cookie Policy"},"content":{"rendered":"\t\t<div data-elementor-type=\"wp-page\" data-elementor-id=\"57246\" class=\"elementor elementor-57246 elementor-12442\" data-elementor-post-type=\"page\">\n\t\t\t\t<div class=\"elementor-element elementor-element-ddb7330 e-flex e-con-boxed e-con e-parent\" data-id=\"ddb7330\" data-element_type=\"container\">\n\t\t\t\t\t<div class=\"e-con-inner\">\n\t\t\t\t\t<\/div>\n\t\t\t\t<\/div>\n\t\t<div class=\"elementor-element elementor-element-62c9e4d e-flex e-con-boxed e-con e-parent\" data-id=\"62c9e4d\" data-element_type=\"container\">\n\t\t\t\t\t<div class=\"e-con-inner\">\n\t\t\t\t<div class=\"elementor-element elementor-element-f75b3ed elementor-widget elementor-widget-spacer\" data-id=\"f75b3ed\" data-element_type=\"widget\" data-widget_type=\"spacer.default\">\n\t\t\t\t\t\t\t<div class=\"elementor-spacer\">\n\t\t\t<div class=\"elementor-spacer-inner\"><\/div>\n\t\t<\/div>\n\t\t\t\t\t\t<\/div>\n\t\t\t\t<div class=\"elementor-element elementor-element-5bd4d42 elementor-widget elementor-widget-heading\" data-id=\"5bd4d42\" data-element_type=\"widget\" data-widget_type=\"heading.default\">\n\t\t\t\t\t<h3 class=\"elementor-heading-title elementor-size-default\">Regelverk for informasjonskapsler<\/h3>\t\t\t\t<\/div>\n\t\t\t\t<div class=\"elementor-element elementor-element-20c7dd55 elementor-widget elementor-widget-text-editor\" data-id=\"20c7dd55\" data-element_type=\"widget\" data-widget_type=\"text-editor.default\">\n\t\t\t\t\t\t\t\t\t\n<p><strong>1. Hva er informasjonskapsler?<\/strong><\/p>\n<p>En informasjonskapsel er en bit av informasjon i form av en liten tekstfil som plasseres p\u00e5 en internettbrukers harddisk. Den er generert av en nettside server, som i utgangspunktet er datamaskinen som driver et nettsted. Informasjonen informasjonskapselen inneholder settes av serveren, og den kan brukes av serveren n\u00e5r brukeren bes\u00f8ker nettstedet. En informasjonskapsel kan betraktes som en Internett-bruker identifikasjonskort, som forteller en nettside n\u00e5r brukeren har kommet tilbake. (*)    (*)  <\/p>\n<p>Det er viktig \u00e5 vite at informasjonskapsler ikke identifisere deg personlig og kan ikke brukes til \u00e5 kj\u00f8re programmer eller avlevere virus til din datamaskin.<\/p>\n<p><strong>2. Hvorfor snakker alle om informasjonskapsler?<\/strong><\/p>\n<p>Nyere EU-lovgivning (GDPR) krever at organisasjoner med et nettsted som samler personlige data om EU\/E\u00d8Ss innbyggere overholder visse regler om informasjonskapsler.<\/p>\n<p>Under denne lovgivningen er selskaper lovp\u00e5lagt \u00e5 fortelle bes\u00f8kende om deres bruk av informasjonskapsler eller annen sporingsteknologi, og hvordan de kan slette eller kontrollere dem.<\/p>\n<p>For \u00e5 overholde disse reglene vil du legge merke til at de fleste europa-baserte nettsteder viser et pop-up varsel n\u00e5r du bes\u00f8ker deres hjemmeside f\u00f8rste gang. Denne innkallingen (ligner p\u00e5 den vi bruker p\u00e5 denne nettsiden) ber om ditt samtykke til \u00e5 bruke informasjonskapsler. Du kan enkelt oppdatere ditt samtykke n\u00e5r som helst.   <\/p>\n<p>P\u00e5 Sunsweet mener vi det er viktig for folk \u00e5 bli gjort oppmerksom p\u00e5 at informasjonskapsler blir brukt av nettsiden. Men det er ogs\u00e5 v\u00e5r oppfatning at informasjonskapsler kan v\u00e6re til fordel for b\u00e5de websider og deres bes\u00f8kende, og bes\u00f8kende b\u00f8r forst\u00e5 at visse webfunksjoner ikke fungerer hvis cookies er deaktivert.  <\/p>\n<p><strong>3. Hvorfor bedrifter bruker informasjonskapsler<\/strong><\/p>\n<p>Informasjonskapsler gj\u00f8r samspillet mellom brukere og nettsteder raskere og enklere. Uten informasjonskapsler ville det v\u00e6re sv\u00e6rt vanskelig for et nettsted \u00e5 tillate en bes\u00f8kende \u00e5 fylle opp en handlevogn eller \u00e5 huske brukerens preferanser eller registreringsdetaljer for et fremtidig bes\u00f8k. <\/p>\n<p>Nettsteder bruker informasjonskapsler hovedsakelig fordi de sparer tid og gj\u00f8r surfeopplevelsen mer effektiv og underholdende. Nettsteder bruker ofte informasjonskapsler til det form\u00e5l \u00e5 samle inn statistisk informasjon om sine brukere. <\/p>\n<p>Informasjonskapsler kan ogs\u00e5 aktivere nettsteder for \u00e5 overv\u00e5ke brukernes nettsurfevaner og profilere dem for markedsf\u00f8ringsform\u00e5l (for eksempel for \u00e5 finne ut hvilke produkter eller tjenester de er interessert i \u00e5 sende dem m\u00e5lrettede annonser).<\/p>\n<p><strong>4. Hva slags Informasjonskapsler bruker vi p\u00e5 denne nettsiden?<\/strong><\/p>\n<p>Med kontinuerlig utvikling i web-teknologi kan v\u00e5r bruk av informasjonskapsler endres. Men f\u00f8lgende liste detaljerer de typer informasjonskapsler vi bruker i dag, og hva vi bruker dem til. <\/p>\n<p>Kapsler kan grovt kategoriseres som: <\/p>\n<p><strong>Essensielle informasjonskapsler<\/strong>: Disse informasjonskapslene er avgj\u00f8rende for at du skal kunne bruke nettstedet effektivt og kan derfor ikke sl\u00e5s av. Uten disse informasjonskapslene kan ikke tjenestene p\u00e5 v\u00e5r hjemmeside bli gjort tilgjengelig for deg. Disse informasjonskapslene samler ikke informasjon om deg som kan brukes til markedsf\u00f8ring eller huske hvor du har v\u00e6rt p\u00e5 internett.  <\/p>\n<p><strong>Ikke essensielle informasjonskapsler:<\/strong> Disse informasjonskapslene gj\u00f8r oss i stand til \u00e5:<\/p>\n<p>Overv\u00e5ke og forbedre ytelsen til v\u00e5r hjemmeside ved \u00e5 analysere brukeratferd. Dataene disse informasjonskapslene samler inn er anonymisert og sett p\u00e5 som et aggregat.  <\/p>\n<p>Tilbyr ekstra funksjonalitet fra en tredjepart &#8211; for eksempel kan vi tilby videoinnhold p\u00e5 v\u00e5re nettsider som bruker YouTube videospilleren.<\/p>\n<p>Bli mer m\u00e5lrettet i v\u00e5r annonsering. I mange tilfeller vil folk n\u00e5 v\u00e5r hjemmeside etter \u00e5 ha klikket p\u00e5 en annonse. Ved \u00e5 bruke informasjonskapsler kan v\u00e5re markedsf\u00f8ringskampanjer bli mer m\u00e5lrettet og tilby forbrukerne informasjon som de er mer sannsynlig interessert i.  <\/p>\n<p>Det er viktig \u00e5 merke seg at du kan velge \u00e5 sl\u00e5 av disse ikke-essensielle informasjonskapslene og dataene vil ikke spores ved hjelp av disse informasjonskapslene. For instruksjoner om h\u00e5ndtering av informasjonskapsler, kan du se punkt 5. <\/p>\n<p><strong>5. Hvordan administrerer jeg informasjonskapsler?<\/strong><\/p>\n<p>Som bruker er det mulig for deg \u00e5 kontrollere innstillingene for informasjonskapsler for alle nettsteder, inkludert hvilke typer informasjonskapsler du godtar ved \u00e5 endre nettleserinnstillingene dine. Du kan blokkere informasjonskapsler n\u00e5r som helst ved \u00e5 aktivere innstillingen i nettleseren din, som gj\u00f8r at du kan nekte innstillingen av alle eller noen informasjonskapsler. Ved \u00e5 ikke blokkere informasjonskapsler og fortsette \u00e5 bruke nettsiden autoriserer du bruken av informasjonskapsler. V\u00e6r oppmerksom p\u00e5 at hvis du bruker nettleseren din for \u00e5 blokkere alle informasjonskapsler (inkludert essensielle informasjonskapsler) kan du kanskje ikke v\u00e6re i stand til \u00e5 f\u00e5 tilgang til hele eller deler av nettstedet v\u00e5rt.   <\/p>\n<p>Alternativt kan du angi innstillinger for informasjonskapsler som spores p\u00e5 dette nettstedet ved \u00e5 bruke v\u00e5r informasjonskapsel widget. Den f\u00f8rste gangen du bes\u00f8ker v\u00e5r nettside, vil du bli presentert med en informasjonskapsel pop-up melding p\u00e5 bunnen av skjermen, som gir en mulighet til \u00e5 tillate eller avvise informasjonskapsler. For \u00e5 v\u00e6re tydelig gjelder dette kun for informasjonskapsler som ikke er \u201cessensielle\u201d for driften av nettstedet, som skissert i punkt 4.  <\/p>\n<p><strong>6. Merknad om personvern<\/strong><\/p>\n<p>Vennligst bes\u00f8k v\u00e5r Privacy Notice for \u00e5 l\u00e6re mer om v\u00e5r bruk av informasjon p\u00e5 nettstedet.<\/p>\n<p><span style=\"font-size: 10pt;\">(*) Definisjoner for Informasjonskapsel er levert av aboutcookies.org<\/span><\/p>\t\t\t\t\t\t\t\t<\/div>\n\t\t\t\t<div class=\"elementor-element elementor-element-22fb18f elementor-widget elementor-widget-spacer\" data-id=\"22fb18f\" data-element_type=\"widget\" data-widget_type=\"spacer.default\">\n\t\t\t\t\t\t\t<div class=\"elementor-spacer\">\n\t\t\t<div class=\"elementor-spacer-inner\"><\/div>\n\t\t<\/div>\n\t\t\t\t\t\t<\/div>\n\t\t\t\t\t<\/div>\n\t\t\t\t<\/div>\n\t\t\t\t<\/div>\n\t\t","protected":false},"excerpt":{"rendered":"<p>Regelverk for informasjonskapsler 1. Hva er informasjonskapsler? En informasjonskapsel er en bit av informasjon i form av en liten tekstfil som plasseres p\u00e5 en internettbrukers harddisk. Den er generert av en nettside server, som i utgangspunktet er datamaskinen som driver et nettsted. Informasjonen informasjonskapselen inneholder settes av serveren, og den kan brukes av serveren n\u00e5r [&hellip;]<\/p>\n","protected":false},"author":3,"featured_media":183239,"parent":0,"menu_order":0,"comment_status":"closed","ping_status":"closed","template":"","meta":{"_acf_changed":false,"inline_featured_image":false,"footnotes":""},"class_list":["post-57246","page","type-page","status-publish","has-post-thumbnail","hentry"],"acf":[],"rankMath":{"parentDomain":"sunsweet.eu","noFollowDomains":[],"noFollowExcludeDomains":[],"noFollowExternalLinks":false,"featuredImageNotice":"The featured image should be at least 200 by 200 pixels to be picked up by Facebook and other social media sites.","pluginReviewed":true,"postSettings":{"linkSuggestions":true,"useFocusKeyword":false},"frontEndScore":false,"postName":"informasjonskapsler","permalinkFormat":"https:\/\/sunsweet.eu\/no\/%pagename%\/","showLockModifiedDate":true,"assessor":{"focusKeywordLink":"https:\/\/sunsweet.eu\/wp-admin\/edit.php?focus_keyword=%focus_keyword%&post_type=%post_type%","hasTOCPlugin":true,"primaryTaxonomy":false,"serpData":{"title":"","description":"","focusKeywords":"","pillarContent":false,"canonicalUrl":"","breadcrumbTitle":"","advancedRobots":[],"facebookTitle":"","facebookDescription":"","facebookImage":"","facebookImageID":"","facebookHasOverlay":false,"facebookImageOverlay":"","facebookAuthor":"","twitterCardType":"","twitterUseFacebook":true,"twitterTitle":"","twitterDescription":"","twitterImage":"","twitterImageID":"","twitterHasOverlay":false,"twitterImageOverlay":"","twitterPlayerUrl":"","twitterPlayerSize":"","twitterPlayerStream":"","twitterPlayerStreamCtype":"","twitterAppDescription":"","twitterAppIphoneName":"","twitterAppIphoneID":"","twitterAppIphoneUrl":"","twitterAppIpadName":"","twitterAppIpadID":"","twitterAppIpadUrl":"","twitterAppGoogleplayName":"","twitterAppGoogleplayID":"","twitterAppGoogleplayUrl":"","twitterAppCountry":"","robots":{"index":true},"twitterAuthor":"username","primaryTerm":0,"authorName":"sunsweet","titleTemplate":"%title% %sep% %sitename%","descriptionTemplate":"%excerpt%","showScoreFrontend":true,"lockModifiedDate":false},"powerWords":[],"diacritics":{"A":"[\\u0041\\u24B6\\uFF21\\u00C0\\u00C1\\u00C2\\u1EA6\\u1EA4\\u1EAA\\u1EA8\\u00C3\\u0100\\u0102\\u1EB0\\u1EAE\\u1EB4\\u1EB2\\u0226\\u01E0\\u00C4\\u01DE\\u1EA2\\u00C5\\u01FA\\u01CD\\u0200\\u0202\\u1EA0\\u1EAC\\u1EB6\\u1E00\\u0104\\u023A\\u2C6F]","AA":"[\\uA732]","AE":"[\\u00C6\\u01FC\\u01E2]","AO":"[\\uA734]","AU":"[\\uA736]","AV":"[\\uA738\\uA73A]","AY":"[\\uA73C]","B":"[\\u0042\\u24B7\\uFF22\\u1E02\\u1E04\\u1E06\\u0243\\u0182\\u0181]","C":"[\\u0043\\u24B8\\uFF23\\u0106\\u0108\\u010A\\u010C\\u00C7\\u1E08\\u0187\\u023B\\uA73E]","D":"[\\u0044\\u24B9\\uFF24\\u1E0A\\u010E\\u1E0C\\u1E10\\u1E12\\u1E0E\\u0110\\u018B\\u018A\\u0189\\uA779]","DZ":"[\\u01F1\\u01C4]","Dz":"[\\u01F2\\u01C5]","E":"[\\u0045\\u24BA\\uFF25\\u00C8\\u00C9\\u00CA\\u1EC0\\u1EBE\\u1EC4\\u1EC2\\u1EBC\\u0112\\u1E14\\u1E16\\u0114\\u0116\\u00CB\\u1EBA\\u011A\\u0204\\u0206\\u1EB8\\u1EC6\\u0228\\u1E1C\\u0118\\u1E18\\u1E1A\\u0190\\u018E]","F":"[\\u0046\\u24BB\\uFF26\\u1E1E\\u0191\\uA77B]","G":"[\\u0047\\u24BC\\uFF27\\u01F4\\u011C\\u1E20\\u011E\\u0120\\u01E6\\u0122\\u01E4\\u0193\\uA7A0\\uA77D\\uA77E]","H":"[\\u0048\\u24BD\\uFF28\\u0124\\u1E22\\u1E26\\u021E\\u1E24\\u1E28\\u1E2A\\u0126\\u2C67\\u2C75\\uA78D]","I":"[\\u0049\\u24BE\\uFF29\\u00CC\\u00CD\\u00CE\\u0128\\u012A\\u012C\\u0130\\u00CF\\u1E2E\\u1EC8\\u01CF\\u0208\\u020A\\u1ECA\\u012E\\u1E2C\\u0197]","J":"[\\u004A\\u24BF\\uFF2A\\u0134\\u0248]","K":"[\\u004B\\u24C0\\uFF2B\\u1E30\\u01E8\\u1E32\\u0136\\u1E34\\u0198\\u2C69\\uA740\\uA742\\uA744\\uA7A2]","L":"[\\u004C\\u24C1\\uFF2C\\u013F\\u0139\\u013D\\u1E36\\u1E38\\u013B\\u1E3C\\u1E3A\\u0141\\u023D\\u2C62\\u2C60\\uA748\\uA746\\uA780]","LJ":"[\\u01C7]","Lj":"[\\u01C8]","M":"[\\u004D\\u24C2\\uFF2D\\u1E3E\\u1E40\\u1E42\\u2C6E\\u019C]","N":"[\\u004E\\u24C3\\uFF2E\\u01F8\\u0143\\u00D1\\u1E44\\u0147\\u1E46\\u0145\\u1E4A\\u1E48\\u0220\\u019D\\uA790\\uA7A4]","NJ":"[\\u01CA]","Nj":"[\\u01CB]","O":"[\\u004F\\u24C4\\uFF2F\\u00D2\\u00D3\\u00D4\\u1ED2\\u1ED0\\u1ED6\\u1ED4\\u00D5\\u1E4C\\u022C\\u1E4E\\u014C\\u1E50\\u1E52\\u014E\\u022E\\u0230\\u00D6\\u022A\\u1ECE\\u0150\\u01D1\\u020C\\u020E\\u01A0\\u1EDC\\u1EDA\\u1EE0\\u1EDE\\u1EE2\\u1ECC\\u1ED8\\u01EA\\u01EC\\u00D8\\u01FE\\u0186\\u019F\\uA74A\\uA74C]","OI":"[\\u01A2]","OO":"[\\uA74E]","OU":"[\\u0222]","P":"[\\u0050\\u24C5\\uFF30\\u1E54\\u1E56\\u01A4\\u2C63\\uA750\\uA752\\uA754]","Q":"[\\u0051\\u24C6\\uFF31\\uA756\\uA758\\u024A]","R":"[\\u0052\\u24C7\\uFF32\\u0154\\u1E58\\u0158\\u0210\\u0212\\u1E5A\\u1E5C\\u0156\\u1E5E\\u024C\\u2C64\\uA75A\\uA7A6\\uA782]","S":"[\\u0053\\u24C8\\uFF33\\u1E9E\\u015A\\u1E64\\u015C\\u1E60\\u0160\\u1E66\\u1E62\\u1E68\\u0218\\u015E\\u2C7E\\uA7A8\\uA784]","T":"[\\u0054\\u24C9\\uFF34\\u1E6A\\u0164\\u1E6C\\u021A\\u0162\\u1E70\\u1E6E\\u0166\\u01AC\\u01AE\\u023E\\uA786]","TZ":"[\\uA728]","U":"[\\u0055\\u24CA\\uFF35\\u00D9\\u00DA\\u00DB\\u0168\\u1E78\\u016A\\u1E7A\\u016C\\u00DC\\u01DB\\u01D7\\u01D5\\u01D9\\u1EE6\\u016E\\u0170\\u01D3\\u0214\\u0216\\u01AF\\u1EEA\\u1EE8\\u1EEE\\u1EEC\\u1EF0\\u1EE4\\u1E72\\u0172\\u1E76\\u1E74\\u0244]","V":"[\\u0056\\u24CB\\uFF36\\u1E7C\\u1E7E\\u01B2\\uA75E\\u0245]","VY":"[\\uA760]","W":"[\\u0057\\u24CC\\uFF37\\u1E80\\u1E82\\u0174\\u1E86\\u1E84\\u1E88\\u2C72]","X":"[\\u0058\\u24CD\\uFF38\\u1E8A\\u1E8C]","Y":"[\\u0059\\u24CE\\uFF39\\u1EF2\\u00DD\\u0176\\u1EF8\\u0232\\u1E8E\\u0178\\u1EF6\\u1EF4\\u01B3\\u024E\\u1EFE]","Z":"[\\u005A\\u24CF\\uFF3A\\u0179\\u1E90\\u017B\\u017D\\u1E92\\u1E94\\u01B5\\u0224\\u2C7F\\u2C6B\\uA762]","a":"[\\u0061\\u24D0\\uFF41\\u1E9A\\u00E0\\u00E1\\u00E2\\u1EA7\\u1EA5\\u1EAB\\u1EA9\\u00E3\\u0101\\u0103\\u1EB1\\u1EAF\\u1EB5\\u1EB3\\u0227\\u01E1\\u00E4\\u01DF\\u1EA3\\u00E5\\u01FB\\u01CE\\u0201\\u0203\\u1EA1\\u1EAD\\u1EB7\\u1E01\\u0105\\u2C65\\u0250]","aa":"[\\uA733]","ae":"[\\u00E6\\u01FD\\u01E3]","ao":"[\\uA735]","au":"[\\uA737]","av":"[\\uA739\\uA73B]","ay":"[\\uA73D]","b":"[\\u0062\\u24D1\\uFF42\\u1E03\\u1E05\\u1E07\\u0180\\u0183\\u0253]","c":"[\\u0063\\u24D2\\uFF43\\u0107\\u0109\\u010B\\u010D\\u00E7\\u1E09\\u0188\\u023C\\uA73F\\u2184]","d":"[\\u0064\\u24D3\\uFF44\\u1E0B\\u010F\\u1E0D\\u1E11\\u1E13\\u1E0F\\u0111\\u018C\\u0256\\u0257\\uA77A]","dz":"[\\u01F3\\u01C6]","e":"[\\u0065\\u24D4\\uFF45\\u00E8\\u00E9\\u00EA\\u1EC1\\u1EBF\\u1EC5\\u1EC3\\u1EBD\\u0113\\u1E15\\u1E17\\u0115\\u0117\\u00EB\\u1EBB\\u011B\\u0205\\u0207\\u1EB9\\u1EC7\\u0229\\u1E1D\\u0119\\u1E19\\u1E1B\\u0247\\u025B\\u01DD]","f":"[\\u0066\\u24D5\\uFF46\\u1E1F\\u0192\\uA77C]","g":"[\\u0067\\u24D6\\uFF47\\u01F5\\u011D\\u1E21\\u011F\\u0121\\u01E7\\u0123\\u01E5\\u0260\\uA7A1\\u1D79\\uA77F]","h":"[\\u0068\\u24D7\\uFF48\\u0125\\u1E23\\u1E27\\u021F\\u1E25\\u1E29\\u1E2B\\u1E96\\u0127\\u2C68\\u2C76\\u0265]","hv":"[\\u0195]","i":"[\\u0069\\u24D8\\uFF49\\u00EC\\u00ED\\u00EE\\u0129\\u012B\\u012D\\u00EF\\u1E2F\\u1EC9\\u01D0\\u0209\\u020B\\u1ECB\\u012F\\u1E2D\\u0268\\u0131]","j":"[\\u006A\\u24D9\\uFF4A\\u0135\\u01F0\\u0249]","k":"[\\u006B\\u24DA\\uFF4B\\u1E31\\u01E9\\u1E33\\u0137\\u1E35\\u0199\\u2C6A\\uA741\\uA743\\uA745\\uA7A3]","l":"[\\u006C\\u24DB\\uFF4C\\u0140\\u013A\\u013E\\u1E37\\u1E39\\u013C\\u1E3D\\u1E3B\\u017F\\u0142\\u019A\\u026B\\u2C61\\uA749\\uA781\\uA747]","lj":"[\\u01C9]","m":"[\\u006D\\u24DC\\uFF4D\\u1E3F\\u1E41\\u1E43\\u0271\\u026F]","n":"[\\u006E\\u24DD\\uFF4E\\u01F9\\u0144\\u00F1\\u1E45\\u0148\\u1E47\\u0146\\u1E4B\\u1E49\\u019E\\u0272\\u0149\\uA791\\uA7A5]","nj":"[\\u01CC]","o":"[\\u006F\\u24DE\\uFF4F\\u00F2\\u00F3\\u00F4\\u1ED3\\u1ED1\\u1ED7\\u1ED5\\u00F5\\u1E4D\\u022D\\u1E4F\\u014D\\u1E51\\u1E53\\u014F\\u022F\\u0231\\u00F6\\u022B\\u1ECF\\u0151\\u01D2\\u020D\\u020F\\u01A1\\u1EDD\\u1EDB\\u1EE1\\u1EDF\\u1EE3\\u1ECD\\u1ED9\\u01EB\\u01ED\\u00F8\\u01FF\\u0254\\uA74B\\uA74D\\u0275]","oi":"[\\u01A3]","ou":"[\\u0223]","oo":"[\\uA74F]","p":"[\\u0070\\u24DF\\uFF50\\u1E55\\u1E57\\u01A5\\u1D7D\\uA751\\uA753\\uA755]","q":"[\\u0071\\u24E0\\uFF51\\u024B\\uA757\\uA759]","r":"[\\u0072\\u24E1\\uFF52\\u0155\\u1E59\\u0159\\u0211\\u0213\\u1E5B\\u1E5D\\u0157\\u1E5F\\u024D\\u027D\\uA75B\\uA7A7\\uA783]","s":"[\\u0073\\u24E2\\uFF53\\u015B\\u1E65\\u015D\\u1E61\\u0161\\u1E67\\u1E63\\u1E69\\u0219\\u015F\\u023F\\uA7A9\\uA785\\u1E9B]","ss":"[\\u00DF]","t":"[\\u0074\\u24E3\\uFF54\\u1E6B\\u1E97\\u0165\\u1E6D\\u021B\\u0163\\u1E71\\u1E6F\\u0167\\u01AD\\u0288\\u2C66\\uA787]","tz":"[\\uA729]","u":"[\\u0075\\u24E4\\uFF55\\u00F9\\u00FA\\u00FB\\u0169\\u1E79\\u016B\\u1E7B\\u016D\\u00FC\\u01DC\\u01D8\\u01D6\\u01DA\\u1EE7\\u016F\\u0171\\u01D4\\u0215\\u0217\\u01B0\\u1EEB\\u1EE9\\u1EEF\\u1EED\\u1EF1\\u1EE5\\u1E73\\u0173\\u1E77\\u1E75\\u0289]","v":"[\\u0076\\u24E5\\uFF56\\u1E7D\\u1E7F\\u028B\\uA75F\\u028C]","vy":"[\\uA761]","w":"[\\u0077\\u24E6\\uFF57\\u1E81\\u1E83\\u0175\\u1E87\\u1E85\\u1E98\\u1E89\\u2C73]","x":"[\\u0078\\u24E7\\uFF58\\u1E8B\\u1E8D]","y":"[\\u0079\\u24E8\\uFF59\\u1EF3\\u00FD\\u0177\\u1EF9\\u0233\\u1E8F\\u00FF\\u1EF7\\u1E99\\u1EF5\\u01B4\\u024F\\u1EFF]","z":"[\\u007A\\u24E9\\uFF5A\\u017A\\u1E91\\u017C\\u017E\\u1E93\\u1E95\\u01B6\\u0225\\u0240\\u2C6C\\uA763]"},"researchesTests":["contentHasTOC","contentHasShortParagraphs","contentHasAssets","keywordInTitle","keywordInMetaDescription","keywordInPermalink","keywordIn10Percent","keywordInContent","keywordInSubheadings","keywordInImageAlt","keywordDensity","keywordNotUsed","lengthContent","lengthPermalink","linksHasInternal","linksHasExternals","linksNotAllExternals","titleStartWithKeyword","titleSentiment","titleHasPowerWords","titleHasNumber","hasContentAI"],"hasRedirection":false,"hasBreadcrumb":false},"homeUrl":"https:\/\/sunsweet.eu\/no\/","objectID":57246,"objectType":"post","locale":"nb","localeFull":"nb_NO","overlayImages":{"play":{"name":"Play icon","url":"https:\/\/sunsweet.eu\/wp-content\/plugins\/seo-by-rank-math\/assets\/admin\/img\/icon-play.png","path":"\/nas\/content\/live\/sunsweeteuprod\/wp-content\/plugins\/seo-by-rank-math\/assets\/admin\/img\/icon-play.png","position":"middle_center"},"gif":{"name":"GIF icon","url":"https:\/\/sunsweet.eu\/wp-content\/plugins\/seo-by-rank-math\/assets\/admin\/img\/icon-gif.png","path":"\/nas\/content\/live\/sunsweeteuprod\/wp-content\/plugins\/seo-by-rank-math\/assets\/admin\/img\/icon-gif.png","position":"middle_center"}},"defautOgImage":"https:\/\/sunsweet.eu\/wp-content\/plugins\/seo-by-rank-math\/assets\/admin\/img\/social-placeholder.jpg","customPermalinks":true,"isUserRegistered":false,"autoSuggestKeywords":false,"connectSiteUrl":"https:\/\/rankmath.com\/auth?site=https%3A%2F%2Fsunsweet.eu%2Fno%2F&r=https%3A%2F%2Fsunsweet.eu%2Fno%2Fwp-json%2Fwp%2Fv2%2Fpages%2F57246%3Fnonce%3De806c3a794","maxTags":5,"trendsIcon":"<svg viewBox=\"0 0 610 610\"><path d=\"M18.85,446,174.32,290.48l58.08,58.08L76.93,504a14.54,14.54,0,0,1-20.55,0L18.83,466.48a14.54,14.54,0,0,1,0-20.55Z\" style=\"fill:#4285f4\"\/><path d=\"M242.65,242.66,377.59,377.6l-47.75,47.75a14.54,14.54,0,0,1-20.55,0L174.37,290.43l47.75-47.75A14.52,14.52,0,0,1,242.65,242.66Z\" style=\"fill:#ea4335\"\/><polygon points=\"319.53 319.53 479.26 159.8 537.34 217.88 377.61 377.62 319.53 319.53\" style=\"fill:#fabb05\"\/><path d=\"M594.26,262.73V118.61h0a16.94,16.94,0,0,0-16.94-16.94H433.2a16.94,16.94,0,0,0-12,28.92L565.34,274.71h0a16.94,16.94,0,0,0,28.92-12Z\" style=\"fill:#34a853\"\/><rect width=\"610\" height=\"610\" style=\"fill:none\"\/><\/svg>","showScore":true,"siteFavIcon":"https:\/\/sunsweet.eu\/wp-content\/uploads\/2025\/01\/logo.svg","canUser":{"general":false,"advanced":false,"snippet":false,"social":false,"analysis":false,"analytics":false,"content_ai":false},"showKeywordIntent":true,"isPro":false,"is_front_page":false,"trendsUpgradeLink":"https:\/\/rankmath.com\/pricing\/?utm_source=Plugin&utm_medium=CE%20General%20Tab%20Trends&utm_campaign=WP","trendsUpgradeLabel":"Upgrade","trendsPreviewImage":"https:\/\/sunsweet.eu\/wp-content\/plugins\/seo-by-rank-math\/assets\/admin\/img\/trends-preview.jpg","currentEditor":false,"homepageData":{"assessor":{"powerWords":[],"diacritics":true,"researchesTests":["contentHasTOC","contentHasShortParagraphs","contentHasAssets","keywordInTitle","keywordInMetaDescription","keywordInPermalink","keywordIn10Percent","keywordInContent","keywordInSubheadings","keywordInImageAlt","keywordDensity","keywordNotUsed","lengthContent","lengthPermalink","linksHasInternal","linksHasExternals","linksNotAllExternals","titleStartWithKeyword","titleSentiment","titleHasPowerWords","titleHasNumber","hasContentAI"],"hasBreadcrumb":false,"serpData":{"title":"%sitename% %page% %sep% %sitedesc%","description":"","titleTemplate":"%sitename% %page% %sep% %sitedesc%","descriptionTemplate":"","focusKeywords":"","breadcrumbTitle":"Home","robots":{"index":true},"advancedRobots":[],"facebookTitle":"","facebookDescription":"","facebookImage":"","facebookImageID":""}}},"tocTitle":"Table of Contents","tocExcludeHeadings":[],"listStyle":"ul"},"_links":{"self":[{"href":"https:\/\/sunsweet.eu\/no\/wp-json\/wp\/v2\/pages\/57246","targetHints":{"allow":["GET"]}}],"collection":[{"href":"https:\/\/sunsweet.eu\/no\/wp-json\/wp\/v2\/pages"}],"about":[{"href":"https:\/\/sunsweet.eu\/no\/wp-json\/wp\/v2\/types\/page"}],"author":[{"embeddable":true,"href":"https:\/\/sunsweet.eu\/no\/wp-json\/wp\/v2\/users\/3"}],"replies":[{"embeddable":true,"href":"https:\/\/sunsweet.eu\/no\/wp-json\/wp\/v2\/comments?post=57246"}],"version-history":[{"count":0,"href":"https:\/\/sunsweet.eu\/no\/wp-json\/wp\/v2\/pages\/57246\/revisions"}],"wp:featuredmedia":[{"embeddable":true,"href":"https:\/\/sunsweet.eu\/no\/wp-json\/wp\/v2\/media\/183239"}],"wp:attachment":[{"href":"https:\/\/sunsweet.eu\/no\/wp-json\/wp\/v2\/media?parent=57246"}],"curies":[{"name":"wp","href":"https:\/\/api.w.org\/{rel}","templated":true}]}}