{"id":100417,"date":"2025-01-16T21:51:28","date_gmt":"2025-01-16T21:51:28","guid":{"rendered":"https:\/\/sunsweeteurdev.wpenginepowered.com\/alle-artikler\/"},"modified":"2025-07-17T17:57:42","modified_gmt":"2025-07-17T16:57:42","slug":"alle-artikler","status":"publish","type":"page","link":"https:\/\/sunsweet.eu\/no\/alle-artikler\/","title":{"rendered":"Alle artikler"},"content":{"rendered":"<div id=\"bsf_rt_marker\"><\/div>\t\t<div data-elementor-type=\"wp-page\" data-elementor-id=\"100417\" class=\"elementor elementor-100417 elementor-8008\" data-elementor-post-type=\"page\">\n\t\t\t\t<section class=\"elementor-element elementor-element-59e8359 e-con-full elementor-hidden-desktop elementor-hidden-laptop elementor-hidden-tablet_extra elementor-hidden-tablet elementor-hidden-mobile e-flex e-con e-parent\" data-id=\"59e8359\" data-element_type=\"container\" data-e-type=\"container\" data-settings=\"{&quot;background_background&quot;:&quot;gradient&quot;}\">\n\t\t<div class=\"elementor-element elementor-element-b3fbb9e e-flex e-con-boxed e-con e-child\" data-id=\"b3fbb9e\" data-element_type=\"container\" data-e-type=\"container\">\n\t\t\t\t\t<div class=\"e-con-inner\">\n\t\t<div class=\"elementor-element elementor-element-9b5896e e-con-full e-flex e-con e-child\" data-id=\"9b5896e\" data-element_type=\"container\" data-e-type=\"container\">\n\t\t\t\t<div class=\"elementor-element elementor-element-1981886 elementor-widget elementor-widget-heading\" data-id=\"1981886\" data-element_type=\"widget\" data-e-type=\"widget\" data-widget_type=\"heading.default\">\n\t\t\t\t\t<h1 class=\"elementor-heading-title elementor-size-default\">Fordelsarkiv <\/h1>\t\t\t\t<\/div>\n\t\t\t\t<div class=\"elementor-element elementor-element-e69988c elementor-widget elementor-widget-text-editor\" data-id=\"e69988c\" data-element_type=\"widget\" data-e-type=\"widget\" data-widget_type=\"text-editor.default\">\n\t\t\t\t\t\t\t\t\t<p>Hos Sunsweet er oppdraget v\u00e5rt \u00e5 hjelpe deg med \u00e5 f\u00f8le deg p\u00e5 ditt beste, med utgangspunkt i hva du spiser. Sunsweet Amaz!n\u2122 svisker og sviskejuice st\u00f8tter ditt velv\u00e6re fra innsiden og ut. Utforsk ressursene nedenfor og oppdag alle m\u00e5tene svisker kan forbedre helsen og gleden din p\u00e5.<\/p>\t\t\t\t\t\t\t\t<\/div>\n\t\t\t\t<\/div>\n\t\t<div class=\"elementor-element elementor-element-0f86ede e-con-full e-flex e-con e-child\" data-id=\"0f86ede\" data-element_type=\"container\" data-e-type=\"container\">\n\t\t\t\t<div class=\"elementor-element elementor-element-b124a0b elementor-widget elementor-widget-image\" data-id=\"b124a0b\" data-element_type=\"widget\" data-e-type=\"widget\" data-widget_type=\"image.default\">\n\t\t\t\t\t\t\t\t\t\t\t\t\t\t\t<img fetchpriority=\"high\" decoding=\"async\" width=\"1358\" height=\"1098\" src=\"https:\/\/sunsweet.eu\/wp-content\/uploads\/2025\/01\/cover-1.png\" class=\"attachment-full size-full wp-image-13215\" alt=\"\" \/>\t\t\t\t\t\t\t\t\t\t\t\t\t\t\t<\/div>\n\t\t\t\t<\/div>\n\t\t\t\t\t<\/div>\n\t\t\t\t<\/div>\n\t\t\t\t<div class=\"elementor-element elementor-element-d70e2ed elementor-absolute elementor-view-default elementor-widget elementor-widget-icon\" data-id=\"d70e2ed\" data-element_type=\"widget\" data-e-type=\"widget\" data-settings=\"{&quot;_position&quot;:&quot;absolute&quot;}\" data-widget_type=\"icon.default\">\n\t\t\t\t\t\t\t<div class=\"elementor-icon-wrapper\">\n\t\t\t<a class=\"elementor-icon\" href=\"#the-power-of-prunes\">\n\t\t\t<svg xmlns=\"http:\/\/www.w3.org\/2000\/svg\" width=\"18\" height=\"15\" viewBox=\"0 0 18 15\" fill=\"none\"><path d=\"M1 1L9 9L17 1\" stroke=\"#292929\" stroke-linecap=\"round\" stroke-linejoin=\"round\"><\/path><path d=\"M1 6L9 14L17 6\" stroke=\"#292929\" stroke-linecap=\"round\" stroke-linejoin=\"round\"><\/path><\/svg>\t\t\t<\/a>\n\t\t<\/div>\n\t\t\t\t\t\t<\/div>\n\t\t\t\t<div class=\"elementor-element elementor-element-3804f28 elementor-widget__width-inherit elementor-absolute elementor-widget elementor-widget-image\" data-id=\"3804f28\" data-element_type=\"widget\" data-e-type=\"widget\" data-settings=\"{&quot;_position&quot;:&quot;absolute&quot;}\" data-widget_type=\"image.default\">\n\t\t\t\t\t\t\t\t\t\t\t\t\t\t\t<img decoding=\"async\" width=\"2560\" height=\"209\" src=\"https:\/\/sunsweet.eu\/wp-content\/uploads\/2025\/01\/Wave2-1-scaled.png\" class=\"attachment-full size-full wp-image-13227\" alt=\"\" \/>\t\t\t\t\t\t\t\t\t\t\t\t\t\t\t<\/div>\n\t\t\t\t<\/section>\n\t\t<div class=\"elementor-element elementor-element-2ca0314 e-flex e-con-boxed e-con e-parent\" data-id=\"2ca0314\" data-element_type=\"container\" data-e-type=\"container\" data-settings=\"{&quot;background_background&quot;:&quot;classic&quot;}\">\n\t\t\t\t\t<div class=\"e-con-inner\">\n\t\t<div class=\"elementor-element elementor-element-e7a6118 e-flex e-con-boxed e-con e-child\" data-id=\"e7a6118\" data-element_type=\"container\" data-e-type=\"container\">\n\t\t\t\t\t<div class=\"e-con-inner\">\n\t\t\t\t<div class=\"elementor-element elementor-element-1a12607 elementor-widget elementor-widget-heading\" data-id=\"1a12607\" data-element_type=\"widget\" data-e-type=\"widget\" data-widget_type=\"heading.default\">\n\t\t\t\t\t<h2 class=\"elementor-heading-title elementor-size-default\">Utforsk mer av sviskenes verden<\/h2>\t\t\t\t<\/div>\n\t\t\t\t<div class=\"elementor-element elementor-element-74569b1 elementor-widget elementor-widget-heading\" data-id=\"74569b1\" data-element_type=\"widget\" data-e-type=\"widget\" data-widget_type=\"heading.default\">\n\t\t\t\t\t<h4 class=\"elementor-heading-title elementor-size-default\">Vil du vite mer?<\/h4>\t\t\t\t<\/div>\n\t\t\t\t<div class=\"elementor-element elementor-element-4f85864 elementor-widget elementor-widget-text-editor\" data-id=\"4f85864\" data-element_type=\"widget\" data-e-type=\"widget\" data-widget_type=\"text-editor.default\">\n\t\t\t\t\t\t\t\t\t<p>Eksperter er enige \u2013 svisker er et smart tilskudd i et sunt kosthold! Utforsk samlingen v\u00e5r av artikler og tips utviklet av ern\u00e6ringsfysiologer og kostholdseksperter. Her finner du alt fra helser\u00e5d til smakfulle oppskrifter \u2013 alt du trenger for \u00e5 gj\u00f8re svisker til en del av hverdagen.  <\/p>\t\t\t\t\t\t\t\t<\/div>\n\t\t\t\t\t<\/div>\n\t\t\t\t<\/div>\n\t\t<div class=\"elementor-element elementor-element-9449f70 e-con-full e-flex e-con e-child\" data-id=\"9449f70\" data-element_type=\"container\" data-e-type=\"container\">\n\t\t\t\t<div class=\"elementor-element elementor-element-317d1df pagination1 elementor-grid-3 elementor-grid-tablet-2 elementor-grid-mobile-1 elementor-posts--thumbnail-top elementor-widget elementor-widget-posts\" data-id=\"317d1df\" data-element_type=\"widget\" data-e-type=\"widget\" id=\"dive-deeper-posts\" data-settings=\"{&quot;pagination_type&quot;:&quot;numbers_and_prev_next&quot;,&quot;classic_columns&quot;:&quot;3&quot;,&quot;classic_columns_tablet&quot;:&quot;2&quot;,&quot;classic_columns_mobile&quot;:&quot;1&quot;,&quot;classic_row_gap&quot;:{&quot;unit&quot;:&quot;px&quot;,&quot;size&quot;:35,&quot;sizes&quot;:[]},&quot;classic_row_gap_laptop&quot;:{&quot;unit&quot;:&quot;px&quot;,&quot;size&quot;:&quot;&quot;,&quot;sizes&quot;:[]},&quot;classic_row_gap_tablet_extra&quot;:{&quot;unit&quot;:&quot;px&quot;,&quot;size&quot;:&quot;&quot;,&quot;sizes&quot;:[]},&quot;classic_row_gap_tablet&quot;:{&quot;unit&quot;:&quot;px&quot;,&quot;size&quot;:&quot;&quot;,&quot;sizes&quot;:[]},&quot;classic_row_gap_mobile&quot;:{&quot;unit&quot;:&quot;px&quot;,&quot;size&quot;:&quot;&quot;,&quot;sizes&quot;:[]}}\" data-widget_type=\"posts.classic\">\n\t\t\t\t<div class=\"elementor-widget-container\">\n\t\t\t\t\t\t\t<div class=\"elementor-posts-container elementor-posts elementor-posts--skin-classic elementor-grid\" role=\"list\">\n\t\t\t\t<article class=\"elementor-post elementor-grid-item post-61789 post type-post status-publish format-standard has-post-thumbnail hentry category-news\" role=\"listitem\">\n\t\t\t\t<a class=\"elementor-post__thumbnail__link\" href=\"https:\/\/sunsweet.eu\/no\/5-steps-to-a-healthier-lunch\/\" tabindex=\"-1\" >\n\t\t\t<div class=\"elementor-post__thumbnail\"><img decoding=\"async\" width=\"300\" height=\"200\" src=\"https:\/\/sunsweet.eu\/wp-content\/uploads\/2025\/01\/black-woman-eating-salad.jpg\" class=\"attachment-medium size-medium wp-image-35761\" alt=\"\" \/><\/div>\n\t\t<\/a>\n\t\t\t\t<div class=\"elementor-post__text\">\n\t\t\t\t<h3 class=\"elementor-post__title\">\n\t\t\t<a href=\"https:\/\/sunsweet.eu\/no\/5-steps-to-a-healthier-lunch\/\" >\n\t\t\t\t5 Steps to a Healthier Lunch\t\t\t<\/a>\n\t\t<\/h3>\n\t\t\t\t<div class=\"elementor-post__excerpt\">\n\t\t\t<p>Discover 5 simple and delicious steps to pack a healthier lunch that keeps you full, energised, and feeling your best throughout the day \u2013 perfect for busy lifestyles!<\/p>\n\t\t<\/div>\n\t\t\n\t\t<a class=\"elementor-post__read-more\" href=\"https:\/\/sunsweet.eu\/no\/5-steps-to-a-healthier-lunch\/\" aria-label=\"Read more about 5 Steps to a Healthier Lunch\" tabindex=\"-1\" >\n\t\t\tLes mer\t\t<\/a>\n\n\t\t\t\t<\/div>\n\t\t\t\t<\/article>\n\t\t\t\t<article class=\"elementor-post elementor-grid-item post-61811 post type-post status-publish format-standard has-post-thumbnail hentry category-news\" role=\"listitem\">\n\t\t\t\t<a class=\"elementor-post__thumbnail__link\" href=\"https:\/\/sunsweet.eu\/no\/prunes-and-bone-health\/\" tabindex=\"-1\" >\n\t\t\t<div class=\"elementor-post__thumbnail\"><img loading=\"lazy\" decoding=\"async\" width=\"300\" height=\"200\" src=\"https:\/\/sunsweet.eu\/wp-content\/uploads\/2025\/01\/love-your-bones-blog-v02-300x200.jpg\" class=\"attachment-medium size-medium wp-image-35855\" alt=\"\" srcset=\"https:\/\/sunsweet.eu\/wp-content\/uploads\/2025\/01\/love-your-bones-blog-v02-300x200.jpg 300w, https:\/\/sunsweet.eu\/wp-content\/uploads\/2025\/01\/love-your-bones-blog-v02-1024x684.jpg 1024w, https:\/\/sunsweet.eu\/wp-content\/uploads\/2025\/01\/love-your-bones-blog-v02-768x513.jpg 768w, https:\/\/sunsweet.eu\/wp-content\/uploads\/2025\/01\/love-your-bones-blog-v02-1536x1025.jpg 1536w, https:\/\/sunsweet.eu\/wp-content\/uploads\/2025\/01\/love-your-bones-blog-v02.jpg 1630w\" sizes=\"(max-width: 300px) 100vw, 300px\" \/><\/div>\n\t\t<\/a>\n\t\t\t\t<div class=\"elementor-post__text\">\n\t\t\t\t<h3 class=\"elementor-post__title\">\n\t\t\t<a href=\"https:\/\/sunsweet.eu\/no\/prunes-and-bone-health\/\" >\n\t\t\t\tPrunes and Bone Health\t\t\t<\/a>\n\t\t<\/h3>\n\t\t\t\t<div class=\"elementor-post__excerpt\">\n\t\t\t<p>Learn how adding prunes to your daily diet can support bone health at every age. Backed by science, prunes are a delicious way to care for your bones naturally.<\/p>\n\t\t<\/div>\n\t\t\n\t\t<a class=\"elementor-post__read-more\" href=\"https:\/\/sunsweet.eu\/no\/prunes-and-bone-health\/\" aria-label=\"Read more about Prunes and Bone Health\" tabindex=\"-1\" >\n\t\t\tLes mer\t\t<\/a>\n\n\t\t\t\t<\/div>\n\t\t\t\t<\/article>\n\t\t\t\t<article class=\"elementor-post elementor-grid-item post-61828 post type-post status-publish format-standard has-post-thumbnail hentry category-news\" role=\"listitem\">\n\t\t\t\t<a class=\"elementor-post__thumbnail__link\" href=\"https:\/\/sunsweet.eu\/no\/on-darker-days-shine-a-light-on-emotional-wellbeing\/\" tabindex=\"-1\" >\n\t\t\t<div class=\"elementor-post__thumbnail\"><img loading=\"lazy\" decoding=\"async\" width=\"300\" height=\"157\" src=\"https:\/\/sunsweet.eu\/wp-content\/uploads\/2025\/01\/shine-a-light-on-emotional-wellbeing-main-300x157.jpg\" class=\"attachment-medium size-medium wp-image-13809\" alt=\"\" srcset=\"https:\/\/sunsweet.eu\/wp-content\/uploads\/2025\/01\/shine-a-light-on-emotional-wellbeing-main-300x157.jpg 300w, https:\/\/sunsweet.eu\/wp-content\/uploads\/2025\/01\/shine-a-light-on-emotional-wellbeing-main.jpg 700w\" sizes=\"(max-width: 300px) 100vw, 300px\" \/><\/div>\n\t\t<\/a>\n\t\t\t\t<div class=\"elementor-post__text\">\n\t\t\t\t<h3 class=\"elementor-post__title\">\n\t\t\t<a href=\"https:\/\/sunsweet.eu\/no\/on-darker-days-shine-a-light-on-emotional-wellbeing\/\" >\n\t\t\t\tOn Darker Days, Shine a Light on Emotional Wellbeing\t\t\t<\/a>\n\t\t<\/h3>\n\t\t\t\t<div class=\"elementor-post__excerpt\">\n\t\t\t<p>Feeling the winter blues? Discover simple, mood-boosting tips to support your emotional wellbeing during the darker months \u2013 with a little help from good nutrition.<\/p>\n\t\t<\/div>\n\t\t\n\t\t<a class=\"elementor-post__read-more\" href=\"https:\/\/sunsweet.eu\/no\/on-darker-days-shine-a-light-on-emotional-wellbeing\/\" aria-label=\"Read more about On Darker Days, Shine a Light on Emotional Wellbeing\" tabindex=\"-1\" >\n\t\t\tLes mer\t\t<\/a>\n\n\t\t\t\t<\/div>\n\t\t\t\t<\/article>\n\t\t\t\t<article class=\"elementor-post elementor-grid-item post-61845 post type-post status-publish format-standard has-post-thumbnail hentry category-news\" role=\"listitem\">\n\t\t\t\t<a class=\"elementor-post__thumbnail__link\" href=\"https:\/\/sunsweet.eu\/no\/prunes-are-perfect\/\" tabindex=\"-1\" >\n\t\t\t<div class=\"elementor-post__thumbnail\"><img loading=\"lazy\" decoding=\"async\" width=\"300\" height=\"157\" src=\"https:\/\/sunsweet.eu\/wp-content\/uploads\/2025\/01\/r182-4-ingredient-prune-cookies-og.jpg\" class=\"attachment-medium size-medium wp-image-13821\" alt=\"\" \/><\/div>\n\t\t<\/a>\n\t\t\t\t<div class=\"elementor-post__text\">\n\t\t\t\t<h3 class=\"elementor-post__title\">\n\t\t\t<a href=\"https:\/\/sunsweet.eu\/no\/prunes-are-perfect\/\" >\n\t\t\t\t4-Ingredient Prune Cookies\t\t\t<\/a>\n\t\t<\/h3>\n\t\t\t\t<div class=\"elementor-post__excerpt\">\n\t\t\t<p>Delicious cookies that just might boost your bone health? Prunes contain nutrients like protein, calcium, vitamin K and manganese that can help to maintain healthy bones.<\/p>\n\t\t<\/div>\n\t\t\n\t\t<a class=\"elementor-post__read-more\" href=\"https:\/\/sunsweet.eu\/no\/prunes-are-perfect\/\" aria-label=\"Read more about 4-Ingredient Prune Cookies\" tabindex=\"-1\" >\n\t\t\tLes mer\t\t<\/a>\n\n\t\t\t\t<\/div>\n\t\t\t\t<\/article>\n\t\t\t\t<article class=\"elementor-post elementor-grid-item post-61863 post type-post status-publish format-standard has-post-thumbnail hentry category-news\" role=\"listitem\">\n\t\t\t\t<a class=\"elementor-post__thumbnail__link\" href=\"https:\/\/sunsweet.eu\/no\/prunes-are-perfect-for-mums-to-be-and-for-kids\/\" tabindex=\"-1\" >\n\t\t\t<div class=\"elementor-post__thumbnail\"><img loading=\"lazy\" decoding=\"async\" width=\"300\" height=\"157\" src=\"https:\/\/sunsweet.eu\/wp-content\/uploads\/2025\/01\/prunes-are-perfect-for-mums-to-be-and-for-kids-v02-300x157.jpg\" class=\"attachment-medium size-medium wp-image-35389\" alt=\"\" srcset=\"https:\/\/sunsweet.eu\/wp-content\/uploads\/2025\/01\/prunes-are-perfect-for-mums-to-be-and-for-kids-v02-300x157.jpg 300w, https:\/\/sunsweet.eu\/wp-content\/uploads\/2025\/01\/prunes-are-perfect-for-mums-to-be-and-for-kids-v02.jpg 700w\" sizes=\"(max-width: 300px) 100vw, 300px\" \/><\/div>\n\t\t<\/a>\n\t\t\t\t<div class=\"elementor-post__text\">\n\t\t\t\t<h3 class=\"elementor-post__title\">\n\t\t\t<a href=\"https:\/\/sunsweet.eu\/no\/prunes-are-perfect-for-mums-to-be-and-for-kids\/\" >\n\t\t\t\tPrunes are perfect for mums-to-be and for kids of all ages, too!\t\t\t<\/a>\n\t\t<\/h3>\n\t\t\t\t<div class=\"elementor-post__excerpt\">\n\t\t\t<p>From gut health to natural energy, discover why prunes are the perfect everyday snack. Tasty, nutritious, and versatile \u2013 there\u2019s so much to love about prunes!<\/p>\n\t\t<\/div>\n\t\t\n\t\t<a class=\"elementor-post__read-more\" href=\"https:\/\/sunsweet.eu\/no\/prunes-are-perfect-for-mums-to-be-and-for-kids\/\" aria-label=\"Read more about Prunes are perfect for mums-to-be and for kids of all ages, too!\" tabindex=\"-1\" >\n\t\t\tLes mer\t\t<\/a>\n\n\t\t\t\t<\/div>\n\t\t\t\t<\/article>\n\t\t\t\t<\/div>\n\t\t\n\t\t\t\t\t\t<\/div>\n\t\t\t\t<\/div>\n\t\t\t\t<\/div>\n\t\t\t\t<div class=\"elementor-element elementor-element-0fa9094 elementor-widget__width-inherit elementor-absolute elementor-widget elementor-widget-image\" data-id=\"0fa9094\" data-element_type=\"widget\" data-e-type=\"widget\" data-settings=\"{&quot;_position&quot;:&quot;absolute&quot;}\" data-widget_type=\"image.default\">\n\t\t\t\t\t\t\t\t\t\t\t\t\t\t\t<img loading=\"lazy\" decoding=\"async\" width=\"1680\" height=\"70\" src=\"https:\/\/sunsweet.eu\/wp-content\/uploads\/2024\/12\/Wave.png\" class=\"attachment-full size-full wp-image-12944\" alt=\"\" \/>\t\t\t\t\t\t\t\t\t\t\t\t\t\t\t<\/div>\n\t\t\t\t\t<\/div>\n\t\t\t\t<\/div>\n\t\t\t\t<\/div>\n\t\t","protected":false},"excerpt":{"rendered":"<p>Fordelsarkiv Hos Sunsweet er oppdraget v\u00e5rt \u00e5 hjelpe deg med \u00e5 f\u00f8le deg p\u00e5 ditt beste, med utgangspunkt i hva du spiser. Sunsweet Amaz!n\u2122 svisker og sviskejuice st\u00f8tter ditt velv\u00e6re fra innsiden og ut. Utforsk ressursene nedenfor og oppdag alle m\u00e5tene svisker kan forbedre helsen og gleden din p\u00e5. Utforsk mer av sviskenes verden Vil [&hellip;]<\/p>\n","protected":false},"author":3,"featured_media":0,"parent":0,"menu_order":0,"comment_status":"closed","ping_status":"closed","template":"","meta":{"_acf_changed":false,"inline_featured_image":false,"footnotes":""},"class_list":["post-100417","page","type-page","status-publish","hentry"],"acf":[],"_links":{"self":[{"href":"https:\/\/sunsweet.eu\/no\/wp-json\/wp\/v2\/pages\/100417","targetHints":{"allow":["GET"]}}],"collection":[{"href":"https:\/\/sunsweet.eu\/no\/wp-json\/wp\/v2\/pages"}],"about":[{"href":"https:\/\/sunsweet.eu\/no\/wp-json\/wp\/v2\/types\/page"}],"author":[{"embeddable":true,"href":"https:\/\/sunsweet.eu\/no\/wp-json\/wp\/v2\/users\/3"}],"replies":[{"embeddable":true,"href":"https:\/\/sunsweet.eu\/no\/wp-json\/wp\/v2\/comments?post=100417"}],"version-history":[{"count":0,"href":"https:\/\/sunsweet.eu\/no\/wp-json\/wp\/v2\/pages\/100417\/revisions"}],"wp:attachment":[{"href":"https:\/\/sunsweet.eu\/no\/wp-json\/wp\/v2\/media?parent=100417"}],"curies":[{"name":"wp","href":"https:\/\/api.w.org\/{rel}","templated":true}]}}