{"id":15863,"date":"2025-01-16T21:51:28","date_gmt":"2025-01-16T21:51:28","guid":{"rendered":"https:\/\/sunsweeteurdev.wpenginepowered.com\/tutti-gli-articoli\/"},"modified":"2025-07-17T17:54:08","modified_gmt":"2025-07-17T16:54:08","slug":"tutti-gli-articoli","status":"publish","type":"page","link":"https:\/\/sunsweet.eu\/it\/tutti-gli-articoli\/","title":{"rendered":"tutti gli articoli"},"content":{"rendered":"<div id=\"bsf_rt_marker\"><\/div>\t\t<div data-elementor-type=\"wp-page\" data-elementor-id=\"15863\" class=\"elementor elementor-15863 elementor-8008\" data-elementor-post-type=\"page\">\n\t\t\t\t<section class=\"elementor-element elementor-element-59e8359 e-con-full elementor-hidden-desktop elementor-hidden-laptop elementor-hidden-tablet_extra elementor-hidden-tablet elementor-hidden-mobile e-flex e-con e-parent\" data-id=\"59e8359\" data-element_type=\"container\" data-e-type=\"container\" data-settings=\"{&quot;background_background&quot;:&quot;gradient&quot;}\">\n\t\t<div class=\"elementor-element elementor-element-b3fbb9e e-flex e-con-boxed e-con e-child\" data-id=\"b3fbb9e\" data-element_type=\"container\" data-e-type=\"container\">\n\t\t\t\t\t<div class=\"e-con-inner\">\n\t\t<div class=\"elementor-element elementor-element-9b5896e e-con-full e-flex e-con e-child\" data-id=\"9b5896e\" data-element_type=\"container\" data-e-type=\"container\">\n\t\t\t\t<div class=\"elementor-element elementor-element-1981886 elementor-widget elementor-widget-heading\" data-id=\"1981886\" data-element_type=\"widget\" data-e-type=\"widget\" data-widget_type=\"heading.default\">\n\t\t\t\t\t<h1 class=\"elementor-heading-title elementor-size-default\">Archive of Benefits <\/h1>\t\t\t\t<\/div>\n\t\t\t\t<div class=\"elementor-element elementor-element-e69988c elementor-widget elementor-widget-text-editor\" data-id=\"e69988c\" data-element_type=\"widget\" data-e-type=\"widget\" data-widget_type=\"text-editor.default\">\n\t\t\t\t\t\t\t\t\t<p>La missione di Sunsweet \u00e8 quella di aiutarti a sentirti al meglio, a partire da ci\u00f2 che mangi. Le Prugne Sunsweet Amaz!n\u2122 e il Succo di Prugna sostengono il tuo benessere dall&#8217;interno verso l&#8217;esterno. Esplora le risorse qui sotto per scoprire i molti modi in cui le prugne possono migliorare la tua salute e felicit\u00e0<\/p>\t\t\t\t\t\t\t\t<\/div>\n\t\t\t\t<\/div>\n\t\t<div class=\"elementor-element elementor-element-0f86ede e-con-full e-flex e-con e-child\" data-id=\"0f86ede\" data-element_type=\"container\" data-e-type=\"container\">\n\t\t\t\t<div class=\"elementor-element elementor-element-b124a0b elementor-widget elementor-widget-image\" data-id=\"b124a0b\" data-element_type=\"widget\" data-e-type=\"widget\" data-widget_type=\"image.default\">\n\t\t\t\t\t\t\t\t\t\t\t\t\t\t\t<img fetchpriority=\"high\" decoding=\"async\" width=\"1358\" height=\"1098\" src=\"https:\/\/sunsweet.eu\/wp-content\/uploads\/2025\/01\/cover-1.png\" class=\"attachment-full size-full wp-image-13214\" alt=\"\" \/>\t\t\t\t\t\t\t\t\t\t\t\t\t\t\t<\/div>\n\t\t\t\t<\/div>\n\t\t\t\t\t<\/div>\n\t\t\t\t<\/div>\n\t\t\t\t<div class=\"elementor-element elementor-element-d70e2ed elementor-absolute elementor-view-default elementor-widget elementor-widget-icon\" data-id=\"d70e2ed\" data-element_type=\"widget\" data-e-type=\"widget\" data-settings=\"{&quot;_position&quot;:&quot;absolute&quot;}\" data-widget_type=\"icon.default\">\n\t\t\t\t\t\t\t<div class=\"elementor-icon-wrapper\">\n\t\t\t<a class=\"elementor-icon\" href=\"#the-power-of-prunes\">\n\t\t\t<svg xmlns=\"http:\/\/www.w3.org\/2000\/svg\" width=\"18\" height=\"15\" viewBox=\"0 0 18 15\" fill=\"none\"><path d=\"M1 1L9 9L17 1\" stroke=\"#292929\" stroke-linecap=\"round\" stroke-linejoin=\"round\"><\/path><path d=\"M1 6L9 14L17 6\" stroke=\"#292929\" stroke-linecap=\"round\" stroke-linejoin=\"round\"><\/path><\/svg>\t\t\t<\/a>\n\t\t<\/div>\n\t\t\t\t\t\t<\/div>\n\t\t\t\t<div class=\"elementor-element elementor-element-3804f28 elementor-widget__width-inherit elementor-absolute elementor-widget elementor-widget-image\" data-id=\"3804f28\" data-element_type=\"widget\" data-e-type=\"widget\" data-settings=\"{&quot;_position&quot;:&quot;absolute&quot;}\" data-widget_type=\"image.default\">\n\t\t\t\t\t\t\t\t\t\t\t\t\t\t\t<img decoding=\"async\" width=\"2560\" height=\"209\" src=\"https:\/\/sunsweet.eu\/wp-content\/uploads\/2025\/01\/Wave2-1-scaled.png\" class=\"attachment-full size-full wp-image-13226\" alt=\"\" \/>\t\t\t\t\t\t\t\t\t\t\t\t\t\t\t<\/div>\n\t\t\t\t<\/section>\n\t\t<div class=\"elementor-element elementor-element-2ca0314 e-flex e-con-boxed e-con e-parent\" data-id=\"2ca0314\" data-element_type=\"container\" data-e-type=\"container\" data-settings=\"{&quot;background_background&quot;:&quot;classic&quot;}\">\n\t\t\t\t\t<div class=\"e-con-inner\">\n\t\t<div class=\"elementor-element elementor-element-e7a6118 e-flex e-con-boxed e-con e-child\" data-id=\"e7a6118\" data-element_type=\"container\" data-e-type=\"container\">\n\t\t\t\t\t<div class=\"e-con-inner\">\n\t\t\t\t<div class=\"elementor-element elementor-element-1a12607 elementor-widget elementor-widget-heading\" data-id=\"1a12607\" data-element_type=\"widget\" data-e-type=\"widget\" data-widget_type=\"heading.default\">\n\t\t\t\t\t<h2 class=\"elementor-heading-title elementor-size-default\">Dive Deeper into Prune Wisdom<\/h2>\t\t\t\t<\/div>\n\t\t\t\t<div class=\"elementor-element elementor-element-74569b1 elementor-widget elementor-widget-heading\" data-id=\"74569b1\" data-element_type=\"widget\" data-e-type=\"widget\" data-widget_type=\"heading.default\">\n\t\t\t\t\t<h4 class=\"elementor-heading-title elementor-size-default\">Hungry for more information?<\/h4>\t\t\t\t<\/div>\n\t\t\t\t<div class=\"elementor-element elementor-element-4f85864 elementor-widget elementor-widget-text-editor\" data-id=\"4f85864\" data-element_type=\"widget\" data-e-type=\"widget\" data-widget_type=\"text-editor.default\">\n\t\t\t\t\t\t\t\t\t<p>Experts agree \u2013 prunes are a vital part of a healthy diet! Explore our collection of articles and resources developed by our nutritionists and registered dietitians. From health tips to delicious recipes, find everything you need to make prunes a part of your daily routine.<\/p>\t\t\t\t\t\t\t\t<\/div>\n\t\t\t\t\t<\/div>\n\t\t\t\t<\/div>\n\t\t<div class=\"elementor-element elementor-element-9449f70 e-con-full e-flex e-con e-child\" data-id=\"9449f70\" data-element_type=\"container\" data-e-type=\"container\">\n\t\t\t\t<div class=\"elementor-element elementor-element-317d1df pagination1 elementor-grid-3 elementor-grid-tablet-2 elementor-grid-mobile-1 elementor-posts--thumbnail-top elementor-widget elementor-widget-posts\" data-id=\"317d1df\" data-element_type=\"widget\" data-e-type=\"widget\" id=\"dive-deeper-posts\" data-settings=\"{&quot;pagination_type&quot;:&quot;numbers_and_prev_next&quot;,&quot;classic_columns&quot;:&quot;3&quot;,&quot;classic_columns_tablet&quot;:&quot;2&quot;,&quot;classic_columns_mobile&quot;:&quot;1&quot;,&quot;classic_row_gap&quot;:{&quot;unit&quot;:&quot;px&quot;,&quot;size&quot;:35,&quot;sizes&quot;:[]},&quot;classic_row_gap_laptop&quot;:{&quot;unit&quot;:&quot;px&quot;,&quot;size&quot;:&quot;&quot;,&quot;sizes&quot;:[]},&quot;classic_row_gap_tablet_extra&quot;:{&quot;unit&quot;:&quot;px&quot;,&quot;size&quot;:&quot;&quot;,&quot;sizes&quot;:[]},&quot;classic_row_gap_tablet&quot;:{&quot;unit&quot;:&quot;px&quot;,&quot;size&quot;:&quot;&quot;,&quot;sizes&quot;:[]},&quot;classic_row_gap_mobile&quot;:{&quot;unit&quot;:&quot;px&quot;,&quot;size&quot;:&quot;&quot;,&quot;sizes&quot;:[]}}\" data-widget_type=\"posts.classic\">\n\t\t\t\t<div class=\"elementor-widget-container\">\n\t\t\t\t\t\t\t<div class=\"elementor-posts-container elementor-posts elementor-posts--skin-classic elementor-grid\" role=\"list\">\n\t\t\t\t<article class=\"elementor-post elementor-grid-item post-70999 post type-post status-publish format-standard has-post-thumbnail hentry category-notizia\" role=\"listitem\">\n\t\t\t\t<a class=\"elementor-post__thumbnail__link\" href=\"https:\/\/sunsweet.eu\/it\/perche-non-portiamo-al-lavoro-dei-buoni-e-semplici-pasti-preparati-in-casa\/\" tabindex=\"-1\" >\n\t\t\t<div class=\"elementor-post__thumbnail\"><img decoding=\"async\" width=\"300\" height=\"200\" src=\"https:\/\/sunsweet.eu\/wp-content\/uploads\/2025\/01\/black-woman-eating-salad.jpg\" class=\"attachment-medium size-medium wp-image-35760\" alt=\"\" \/><\/div>\n\t\t<\/a>\n\t\t\t\t<div class=\"elementor-post__text\">\n\t\t\t\t<h3 class=\"elementor-post__title\">\n\t\t\t<a href=\"https:\/\/sunsweet.eu\/it\/perche-non-portiamo-al-lavoro-dei-buoni-e-semplici-pasti-preparati-in-casa\/\" >\n\t\t\t\tPerche non portiamo al lavoro dei buoni e semplici pasti preparati in casa?\t\t\t<\/a>\n\t\t<\/h3>\n\t\t\t\t<div class=\"elementor-post__excerpt\">\n\t\t\t<p>Scopri 5 semplici e deliziosi passaggi per preparare un pranzo pi\u00f9 sano che ti sazia, ti d\u00e0 energia e ti fa sentire al meglio durante tutta la giornata \u2013 perfetto per uno stile di vita impegnato!&#8221;<br \/>Let me know if you&#8217;d like a slightly shorter or more informal version too.<\/p>\n\t\t<\/div>\n\t\t\n\t\t<a class=\"elementor-post__read-more\" href=\"https:\/\/sunsweet.eu\/it\/perche-non-portiamo-al-lavoro-dei-buoni-e-semplici-pasti-preparati-in-casa\/\" aria-label=\"Read more about Perche non portiamo al lavoro dei buoni e semplici pasti preparati in casa?\" tabindex=\"-1\" >\n\t\t\tPer saperne di pi\u00f9\t\t<\/a>\n\n\t\t\t\t<\/div>\n\t\t\t\t<\/article>\n\t\t\t\t<article class=\"elementor-post elementor-grid-item post-15458 post type-post status-publish format-standard has-post-thumbnail hentry category-notizia\" role=\"listitem\">\n\t\t\t\t<a class=\"elementor-post__thumbnail__link\" href=\"https:\/\/sunsweet.eu\/it\/ama-le-tue-ossa\/\" tabindex=\"-1\" >\n\t\t\t<div class=\"elementor-post__thumbnail\"><img loading=\"lazy\" decoding=\"async\" width=\"300\" height=\"200\" src=\"https:\/\/sunsweet.eu\/wp-content\/uploads\/2025\/01\/love-your-bones-blog-v02-300x200.jpg\" class=\"attachment-medium size-medium wp-image-35854\" alt=\"\" srcset=\"https:\/\/sunsweet.eu\/wp-content\/uploads\/2025\/01\/love-your-bones-blog-v02-300x200.jpg 300w, https:\/\/sunsweet.eu\/wp-content\/uploads\/2025\/01\/love-your-bones-blog-v02-1024x684.jpg 1024w, https:\/\/sunsweet.eu\/wp-content\/uploads\/2025\/01\/love-your-bones-blog-v02-768x513.jpg 768w, https:\/\/sunsweet.eu\/wp-content\/uploads\/2025\/01\/love-your-bones-blog-v02-1536x1025.jpg 1536w, https:\/\/sunsweet.eu\/wp-content\/uploads\/2025\/01\/love-your-bones-blog-v02.jpg 1630w\" sizes=\"(max-width: 300px) 100vw, 300px\" \/><\/div>\n\t\t<\/a>\n\t\t\t\t<div class=\"elementor-post__text\">\n\t\t\t\t<h3 class=\"elementor-post__title\">\n\t\t\t<a href=\"https:\/\/sunsweet.eu\/it\/ama-le-tue-ossa\/\" >\n\t\t\t\tAma le tue ossa\t\t\t<\/a>\n\t\t<\/h3>\n\t\t\t\t<div class=\"elementor-post__excerpt\">\n\t\t\t<p>Scopri come aggiungere le prugne alla tua dieta quotidiana pu\u00f2 favorire la salute delle ossa a ogni et\u00e0. Come dimostrato dalla scienza, le prugne sono un modo delizioso per prendersi cura delle ossa in modo naturale. <\/p>\n\t\t<\/div>\n\t\t\n\t\t<a class=\"elementor-post__read-more\" href=\"https:\/\/sunsweet.eu\/it\/ama-le-tue-ossa\/\" aria-label=\"Read more about Ama le tue ossa\" tabindex=\"-1\" >\n\t\t\tPer saperne di pi\u00f9\t\t<\/a>\n\n\t\t\t\t<\/div>\n\t\t\t\t<\/article>\n\t\t\t\t<article class=\"elementor-post elementor-grid-item post-21181 post type-post status-publish format-standard has-post-thumbnail hentry category-notizia\" role=\"listitem\">\n\t\t\t\t<a class=\"elementor-post__thumbnail__link\" href=\"https:\/\/sunsweet.eu\/it\/fai-luce-sul-benessere-emozionale\/\" tabindex=\"-1\" >\n\t\t\t<div class=\"elementor-post__thumbnail\"><img loading=\"lazy\" decoding=\"async\" width=\"300\" height=\"157\" src=\"https:\/\/sunsweet.eu\/wp-content\/uploads\/2025\/01\/shine-a-light-on-emotional-wellbeing-main-300x157.jpg\" class=\"attachment-medium size-medium wp-image-13808\" alt=\"\" srcset=\"https:\/\/sunsweet.eu\/wp-content\/uploads\/2025\/01\/shine-a-light-on-emotional-wellbeing-main-300x157.jpg 300w, https:\/\/sunsweet.eu\/wp-content\/uploads\/2025\/01\/shine-a-light-on-emotional-wellbeing-main.jpg 700w\" sizes=\"(max-width: 300px) 100vw, 300px\" \/><\/div>\n\t\t<\/a>\n\t\t\t\t<div class=\"elementor-post__text\">\n\t\t\t\t<h3 class=\"elementor-post__title\">\n\t\t\t<a href=\"https:\/\/sunsweet.eu\/it\/fai-luce-sul-benessere-emozionale\/\" >\n\t\t\t\tNelle giornate pi\u00f9 buie, fai luce sul benessere emozionale\t\t\t<\/a>\n\t\t<\/h3>\n\t\t\t\t<div class=\"elementor-post__excerpt\">\n\t\t\t<p>Soffri di malinconia invernale? Dopo una lunga giornata, pu\u00f2 essere difficile trovare l\u2019energia per mangiare bene. Mangiare una cosa poco nutriente, per\u00f2, pu\u00f2 lasciarci ancora pi\u00f9 spossati. Quest\u2019inverno, inverti la rotta!<\/p>\n\t\t<\/div>\n\t\t\n\t\t<a class=\"elementor-post__read-more\" href=\"https:\/\/sunsweet.eu\/it\/fai-luce-sul-benessere-emozionale\/\" aria-label=\"Read more about Nelle giornate pi\u00f9 buie, fai luce sul benessere emozionale\" tabindex=\"-1\" >\n\t\t\tPer saperne di pi\u00f9\t\t<\/a>\n\n\t\t\t\t<\/div>\n\t\t\t\t<\/article>\n\t\t\t\t<article class=\"elementor-post elementor-grid-item post-15449 post type-post status-publish format-standard has-post-thumbnail hentry category-notizia\" role=\"listitem\">\n\t\t\t\t<a class=\"elementor-post__thumbnail__link\" href=\"https:\/\/sunsweet.eu\/it\/biscotti-di-prugne-4-ingredienti\/\" tabindex=\"-1\" >\n\t\t\t<div class=\"elementor-post__thumbnail\"><img loading=\"lazy\" decoding=\"async\" width=\"300\" height=\"157\" src=\"https:\/\/sunsweet.eu\/wp-content\/uploads\/2025\/01\/r182-4-ingredient-prune-cookies-og.jpg\" class=\"attachment-medium size-medium wp-image-13820\" alt=\"\" \/><\/div>\n\t\t<\/a>\n\t\t\t\t<div class=\"elementor-post__text\">\n\t\t\t\t<h3 class=\"elementor-post__title\">\n\t\t\t<a href=\"https:\/\/sunsweet.eu\/it\/biscotti-di-prugne-4-ingredienti\/\" >\n\t\t\t\tBiscotti di prugne 4 ingredienti\t\t\t<\/a>\n\t\t<\/h3>\n\t\t\t\t<div class=\"elementor-post__excerpt\">\n\t\t\t<p>Deliziosi biscotti che potrebbero migliorare la salute delle tue ossa? Le prugne contengono nutrienti come proteine, calcio, vitamina K e manganese che possono aiutare a mantenere le ossa sane.<\/p>\n\t\t<\/div>\n\t\t\n\t\t<a class=\"elementor-post__read-more\" href=\"https:\/\/sunsweet.eu\/it\/biscotti-di-prugne-4-ingredienti\/\" aria-label=\"Read more about Biscotti di prugne 4 ingredienti\" tabindex=\"-1\" >\n\t\t\tPer saperne di pi\u00f9\t\t<\/a>\n\n\t\t\t\t<\/div>\n\t\t\t\t<\/article>\n\t\t\t\t<article class=\"elementor-post elementor-grid-item post-15441 post type-post status-publish format-standard has-post-thumbnail hentry category-notizia\" role=\"listitem\">\n\t\t\t\t<a class=\"elementor-post__thumbnail__link\" href=\"https:\/\/sunsweet.eu\/it\/le-prugne-alimento-perfetto-per-le-future-mamme-e-anche-per-i-bimbi-di-tutte-le-eta\/\" tabindex=\"-1\" >\n\t\t\t<div class=\"elementor-post__thumbnail\"><img loading=\"lazy\" decoding=\"async\" width=\"300\" height=\"157\" src=\"https:\/\/sunsweet.eu\/wp-content\/uploads\/2025\/01\/prunes-are-perfect-for-mums-to-be-and-for-kids-v02-300x157.jpg\" class=\"attachment-medium size-medium wp-image-35388\" alt=\"\" srcset=\"https:\/\/sunsweet.eu\/wp-content\/uploads\/2025\/01\/prunes-are-perfect-for-mums-to-be-and-for-kids-v02-300x157.jpg 300w, https:\/\/sunsweet.eu\/wp-content\/uploads\/2025\/01\/prunes-are-perfect-for-mums-to-be-and-for-kids-v02.jpg 700w\" sizes=\"(max-width: 300px) 100vw, 300px\" \/><\/div>\n\t\t<\/a>\n\t\t\t\t<div class=\"elementor-post__text\">\n\t\t\t\t<h3 class=\"elementor-post__title\">\n\t\t\t<a href=\"https:\/\/sunsweet.eu\/it\/le-prugne-alimento-perfetto-per-le-future-mamme-e-anche-per-i-bimbi-di-tutte-le-eta\/\" >\n\t\t\t\tLe prugne: alimento perfetto per le future mamme e anche per i bimbi di tutte le et\u00e0!\t\t\t<\/a>\n\t\t<\/h3>\n\t\t\t\t<div class=\"elementor-post__excerpt\">\n\t\t\t<p>Quando si aspetta un beb\u00e8 \u2013 soprattutto se \u00e8 il primo \u2013 pu\u00f2 essere difficile districarsi tra la raffica di consigli e suggerimenti che ci arrivano da amici e parenti benintenzionati e spesso persino da chi conosciamo appena! <\/p>\n\t\t<\/div>\n\t\t\n\t\t<a class=\"elementor-post__read-more\" href=\"https:\/\/sunsweet.eu\/it\/le-prugne-alimento-perfetto-per-le-future-mamme-e-anche-per-i-bimbi-di-tutte-le-eta\/\" aria-label=\"Read more about Le prugne: alimento perfetto per le future mamme e anche per i bimbi di tutte le et\u00e0!\" tabindex=\"-1\" >\n\t\t\tPer saperne di pi\u00f9\t\t<\/a>\n\n\t\t\t\t<\/div>\n\t\t\t\t<\/article>\n\t\t\t\t<article class=\"elementor-post elementor-grid-item post-70983 post type-post status-publish format-standard has-post-thumbnail hentry category-notizia\" role=\"listitem\">\n\t\t\t\t<a class=\"elementor-post__thumbnail__link\" href=\"https:\/\/sunsweet.eu\/it\/potere-delle-prugne-smoothie-verde-viola\/\" tabindex=\"-1\" >\n\t\t\t<div class=\"elementor-post__thumbnail\"><img loading=\"lazy\" decoding=\"async\" width=\"300\" height=\"157\" src=\"https:\/\/sunsweet.eu\/wp-content\/uploads\/2025\/01\/r252-prune-power-health-kick-og-300x157.jpg\" class=\"attachment-medium size-medium wp-image-13844\" alt=\"\" srcset=\"https:\/\/sunsweet.eu\/wp-content\/uploads\/2025\/01\/r252-prune-power-health-kick-og-300x157.jpg 300w, https:\/\/sunsweet.eu\/wp-content\/uploads\/2025\/01\/r252-prune-power-health-kick-og-1024x536.jpg 1024w, https:\/\/sunsweet.eu\/wp-content\/uploads\/2025\/01\/r252-prune-power-health-kick-og-768x402.jpg 768w, https:\/\/sunsweet.eu\/wp-content\/uploads\/2025\/01\/r252-prune-power-health-kick-og.jpg 1200w\" sizes=\"(max-width: 300px) 100vw, 300px\" \/><\/div>\n\t\t<\/a>\n\t\t\t\t<div class=\"elementor-post__text\">\n\t\t\t\t<h3 class=\"elementor-post__title\">\n\t\t\t<a href=\"https:\/\/sunsweet.eu\/it\/potere-delle-prugne-smoothie-verde-viola\/\" >\n\t\t\t\tPotere delle prugne! E ricette di frullati e smoothie golosi come se non ci fosse un domani!\t\t\t<\/a>\n\t\t<\/h3>\n\t\t\t\t<div class=\"elementor-post__excerpt\">\n\t\t\t<p>Quando si aspetta un beb\u00e8 \u2013 soprattutto se \u00e8 la prima volta \u2013 pu\u00f2 essere difficile districarsi tra la raffica di consigli e suggerimenti che ci arrivano da amici e parenti benintenzionati e spesso persino da chi conosciamo appena!<\/p>\n\t\t<\/div>\n\t\t\n\t\t<a class=\"elementor-post__read-more\" href=\"https:\/\/sunsweet.eu\/it\/potere-delle-prugne-smoothie-verde-viola\/\" aria-label=\"Read more about Potere delle prugne! E ricette di frullati e smoothie golosi come se non ci fosse un domani!\" tabindex=\"-1\" >\n\t\t\tPer saperne di pi\u00f9\t\t<\/a>\n\n\t\t\t\t<\/div>\n\t\t\t\t<\/article>\n\t\t\t\t<\/div>\n\t\t\n\t\t\t\t\t\t<\/div>\n\t\t\t\t<\/div>\n\t\t\t\t<\/div>\n\t\t\t\t<div class=\"elementor-element elementor-element-0fa9094 elementor-widget__width-inherit elementor-absolute elementor-widget elementor-widget-image\" data-id=\"0fa9094\" data-element_type=\"widget\" data-e-type=\"widget\" data-settings=\"{&quot;_position&quot;:&quot;absolute&quot;}\" data-widget_type=\"image.default\">\n\t\t\t\t\t\t\t\t\t\t\t\t\t\t\t<img loading=\"lazy\" decoding=\"async\" width=\"1680\" height=\"70\" src=\"https:\/\/sunsweet.eu\/wp-content\/uploads\/2024\/12\/Wave.png\" class=\"attachment-full size-full wp-image-12943\" alt=\"\" \/>\t\t\t\t\t\t\t\t\t\t\t\t\t\t\t<\/div>\n\t\t\t\t\t<\/div>\n\t\t\t\t<\/div>\n\t\t\t\t<\/div>\n\t\t","protected":false},"excerpt":{"rendered":"","protected":false},"author":3,"featured_media":0,"parent":0,"menu_order":0,"comment_status":"closed","ping_status":"closed","template":"","meta":{"_acf_changed":false,"inline_featured_image":false,"footnotes":""},"class_list":["post-15863","page","type-page","status-publish","hentry"],"acf":[],"_links":{"self":[{"href":"https:\/\/sunsweet.eu\/it\/wp-json\/wp\/v2\/pages\/15863","targetHints":{"allow":["GET"]}}],"collection":[{"href":"https:\/\/sunsweet.eu\/it\/wp-json\/wp\/v2\/pages"}],"about":[{"href":"https:\/\/sunsweet.eu\/it\/wp-json\/wp\/v2\/types\/page"}],"author":[{"embeddable":true,"href":"https:\/\/sunsweet.eu\/it\/wp-json\/wp\/v2\/users\/3"}],"replies":[{"embeddable":true,"href":"https:\/\/sunsweet.eu\/it\/wp-json\/wp\/v2\/comments?post=15863"}],"version-history":[{"count":0,"href":"https:\/\/sunsweet.eu\/it\/wp-json\/wp\/v2\/pages\/15863\/revisions"}],"wp:attachment":[{"href":"https:\/\/sunsweet.eu\/it\/wp-json\/wp\/v2\/media?parent=15863"}],"curies":[{"name":"wp","href":"https:\/\/api.w.org\/{rel}","templated":true}]}}