{"id":78812,"date":"2025-01-11T11:48:39","date_gmt":"2025-01-11T11:48:39","guid":{"rendered":"https:\/\/sunsweeteurdev.wpenginepowered.com\/product\/kivettomia-luumuja\/"},"modified":"2025-08-06T15:20:48","modified_gmt":"2025-08-06T14:20:48","slug":"400-g-kivettomia-luumuja","status":"publish","type":"product","link":"https:\/\/sunsweet.eu\/fi\/tuotteemme\/400-g-kivettomia-luumuja\/","title":{"rendered":"Kivett\u00f6mi\u00e4 luumuja"},"content":{"rendered":"<p>Yli 100 vuoden ajan Sunsweet viljelij\u00e4t ovat tuoneet sinulle mehukkaita luumuja ylpeydell\u00e4 ja laadusta tinkim\u00e4tt\u00e4. Tarkoin valitut, luontaisesti makeat ja aina pehme\u00e4t luumut ovat t\u00e4ynn\u00e4 makua ja siten sopivat erinomaisesti aktiiviseen el\u00e4m\u00e4ntyyliisi.<\/p>\n","protected":false},"excerpt":{"rendered":"<p>Tarkoin valitut, luontaisesti makeat ja aina pehme\u00e4t luumut ovat t\u00e4ynn\u00e4 makua ja siten sopivat erinomaisesti aktiiviseen el\u00e4m\u00e4ntyyliisi.<\/p>\n","protected":false},"featured_media":78968,"template":"","meta":{"_acf_changed":false,"inline_featured_image":false},"product_brand":[],"product_cat":[309],"product_tag":[],"class_list":{"0":"post-78812","1":"product","2":"type-product","3":"status-publish","4":"has-post-thumbnail","6":"product_cat-luumut","8":"first","9":"instock","10":"shipping-taxable","11":"product-type-simple"},"acf":[],"_links":{"self":[{"href":"https:\/\/sunsweet.eu\/fi\/wp-json\/wp\/v2\/product\/78812","targetHints":{"allow":["GET"]}}],"collection":[{"href":"https:\/\/sunsweet.eu\/fi\/wp-json\/wp\/v2\/product"}],"about":[{"href":"https:\/\/sunsweet.eu\/fi\/wp-json\/wp\/v2\/types\/product"}],"version-history":[{"count":0,"href":"https:\/\/sunsweet.eu\/fi\/wp-json\/wp\/v2\/product\/78812\/revisions"}],"wp:featuredmedia":[{"embeddable":true,"href":"https:\/\/sunsweet.eu\/fi\/wp-json\/wp\/v2\/media\/78968"}],"wp:attachment":[{"href":"https:\/\/sunsweet.eu\/fi\/wp-json\/wp\/v2\/media?parent=78812"}],"wp:term":[{"taxonomy":"product_brand","embeddable":true,"href":"https:\/\/sunsweet.eu\/fi\/wp-json\/wp\/v2\/product_brand?post=78812"},{"taxonomy":"product_cat","embeddable":true,"href":"https:\/\/sunsweet.eu\/fi\/wp-json\/wp\/v2\/product_cat?post=78812"},{"taxonomy":"product_tag","embeddable":true,"href":"https:\/\/sunsweet.eu\/fi\/wp-json\/wp\/v2\/product_tag?post=78812"}],"curies":[{"name":"wp","href":"https:\/\/api.w.org\/{rel}","templated":true}]}}